{"id":4018,"date":"2019-08-21T10:52:18","date_gmt":"2019-08-21T08:52:18","guid":{"rendered":"https:\/\/www.clossaintsozy.com\/la-agrupacion\/"},"modified":"2019-08-21T10:52:35","modified_gmt":"2019-08-21T08:52:35","slug":"la-agrupacion","status":"publish","type":"page","link":"https:\/\/www.clossaintsozy.com\/es\/la-agrupacion\/","title":{"rendered":"La Agrupaci\u00f3n"},"content":{"rendered":"<div class=\"wpb-content-wrapper\"><p>[vc_row css_animation=\u00bb\u00bb row_type=\u00bbrow\u00bb use_row_as_full_screen_section=\u00bbyes\u00bb type=\u00bbgrid\u00bb angled_section=\u00bbno\u00bb text_align=\u00bbleft\u00bb background_image_as_pattern=\u00bbwithout_pattern\u00bb css=\u00bb.vc_custom_1551990812546{background-image: url(https:\/\/www.clossaintsozy.com\/wp-content\/uploads\/2019\/03\/quercynoise.jpg?id=238) !important;background-position: center !important;background-repeat: no-repeat !important;background-size: cover !important;}\u00bb z_index=\u00bb\u00bb el_class=\u00bbtoptitre\u00bb][vc_column][vc_empty_space height=\u00bb30px\u00bb][vc_row_inner row_type=\u00bbrow\u00bb type=\u00bbfull_width\u00bb text_align=\u00bbleft\u00bb css_animation=\u00bb\u00bb][vc_column_inner width=\u00bb2\/3&#8243;][vc_empty_space height=\u00bb40px\u00bb][vc_column_text]<\/p>\n<h1><span style=\"color: #ffffff; font-weight: 300;\">Clos Saint Sozy, la Agrupaci\u00f3n <\/span><\/h1>\n<p>[\/vc_column_text][vc_empty_space height=\u00bb20px\u00bb][vc_empty_space height=\u00bb60px\u00bb][\/vc_column_inner][vc_column_inner width=\u00bb1\/3&#8243;][\/vc_column_inner][\/vc_row_inner][\/vc_column][\/vc_row][vc_row css_animation=\u00bb\u00bb row_type=\u00bbrow\u00bb use_row_as_full_screen_section=\u00bbno\u00bb type=\u00bbgrid\u00bb angled_section=\u00bbno\u00bb text_align=\u00bbleft\u00bb background_image_as_pattern=\u00bbwithout_pattern\u00bb z_index=\u00bb\u00bb][vc_column][vc_row_inner row_type=\u00bbrow\u00bb type=\u00bbfull_width\u00bb text_align=\u00bbleft\u00bb css_animation=\u00bb\u00bb][vc_column_inner][vc_column_text]<\/p>\n<ul class=\"btn-products tabs\">\n<li><a class=\"btn-product active\" href=\"#groupement\">La Agrupaci\u00f3n <\/a><\/li>\n<li><a class=\"btn-product\" href=\"#hommes\">El Factor humano<\/a><\/li>\n<li><a class=\"btn-product\" href=\"#qualite\">La Calidad <\/a><\/li>\n<li><a class=\"btn-product\" href=\"#savoir\">Nuestra Experiencia <\/a><\/li>\n<\/ul>\n<p>[\/vc_column_text][\/vc_column_inner][\/vc_row_inner][\/vc_column][\/vc_row][vc_row css_animation=\u00bb\u00bb row_type=\u00bbrow\u00bb use_row_as_full_screen_section=\u00bbno\u00bb type=\u00bbgrid\u00bb angled_section=\u00bbno\u00bb text_align=\u00bbleft\u00bb background_image_as_pattern=\u00bbwithout_pattern\u00bb css=\u00bb.vc_custom_1553073003207{border-top-width: 1px !important;background-position: 0 0 !important;background-repeat: no-repeat !important;}\u00bb z_index=\u00bb\u00bb el_id=\u00bbgroupement\u00bb el_class=\u00bbtab active\u00bb][vc_column][vc_row_inner row_type=\u00bbrow\u00bb type=\u00bbfull_width\u00bb text_align=\u00bbleft\u00bb css_animation=\u00bb\u00bb][vc_column_inner el_class=\u00bbblancg\u00bb width=\u00bb2\/3&#8243;][vc_empty_space height=\u00bb70px\u00bb][vc_column_text]<\/p>\n<h2>La Agrupaci\u00f3n <\/h2>\n<p>La Quercynoise, una agrupaci\u00f3n de productores, est\u00e1 presente desde hace m\u00e1s de 40 a\u00f1os en el suroeste de Francia, en el departamento de Lot. Nuestra cooperativa agr\u00edcola re\u00fane a hombres y mujeres que trabajan para obtener lo mejor del pato cebado, respetando estrictamente las tradiciones del suroeste.<\/p>\n<p>Desde la cr\u00eda hasta la comercializaci\u00f3n de productos de alta calidad, incluyendo el engorde, el sacrificio, el despiece y la transformaci\u00f3n.[\/vc_column_text][\/vc_column_inner][vc_column_inner width=\u00bb1\/3&#8243;][vc_empty_space height=\u00bb140px\u00bb][vc_single_image image=\u00bb3812&#8243; img_size=\u00bblarge\u00bb qode_css_animation=\u00bb\u00bb][vc_empty_space height=\u00bb20px\u00bb][\/vc_column_inner][\/vc_row_inner][vc_empty_space height=\u00bb40px\u00bb][\/vc_column][\/vc_row][vc_row css_animation=\u00bb\u00bb row_type=\u00bbrow\u00bb use_row_as_full_screen_section=\u00bbno\u00bb type=\u00bbgrid\u00bb angled_section=\u00bbno\u00bb text_align=\u00bbleft\u00bb background_image_as_pattern=\u00bbwithout_pattern\u00bb css=\u00bb.vc_custom_1553073084975{border-top-width: 1px !important;background-position: 0 0 !important;background-repeat: no-repeat !important;}\u00bb z_index=\u00bb\u00bb el_id=\u00bbhommes\u00bb el_class=\u00bbtab\u00bb][vc_column][vc_row_inner row_type=\u00bbrow\u00bb type=\u00bbfull_width\u00bb text_align=\u00bbleft\u00bb css_animation=\u00bb\u00bb][vc_column_inner el_class=\u00bbblancg\u00bb width=\u00bb2\/3&#8243;][vc_empty_space height=\u00bb70px\u00bb][vc_column_text]<\/p>\n<h2>El Factor humano<\/h2>\n<p>En el centro de este territorio, cerca de 150 criadores de nuestra cooperativa se encuentran principalmente en Lot, as\u00ed como en los departamentos de Corr\u00e8ze, Aveyron y Tarn-et-Garonne. Todos ellos ponen su experiencia al servicio de la calidad, de acuerdo con las tradiciones de nuestra regi\u00f3n, para obtener lo mejor del pato cebado.<\/p>\n<p>Nuestros t\u00e9cnicos respaldan a los productores y garantizan el cumplimiento de las normas impuestas por la normativa de la IGP. El control de calidad est\u00e1 garantizado desde la cr\u00eda hasta el procesamiento.[\/vc_column_text][\/vc_column_inner][vc_column_inner width=\u00bb1\/3&#8243;][vc_empty_space height=\u00bb140px\u00bb][vc_single_image image=\u00bb66&#8243; img_size=\u00bblarge\u00bb alignment=\u00bbcenter\u00bb qode_css_animation=\u00bb\u00bb][vc_empty_space height=\u00bb20px\u00bb][\/vc_column_inner][\/vc_row_inner][vc_empty_space height=\u00bb40px\u00bb][\/vc_column][\/vc_row][vc_row css_animation=\u00bb\u00bb row_type=\u00bbrow\u00bb use_row_as_full_screen_section=\u00bbno\u00bb type=\u00bbgrid\u00bb angled_section=\u00bbno\u00bb text_align=\u00bbleft\u00bb background_image_as_pattern=\u00bbwithout_pattern\u00bb css=\u00bb.vc_custom_1553073093088{border-top-width: 1px !important;background-position: 0 0 !important;background-repeat: no-repeat !important;}\u00bb z_index=\u00bb\u00bb el_id=\u00bbqualite\u00bb el_class=\u00bbtab\u00bb][vc_column][vc_row_inner row_type=\u00bbrow\u00bb type=\u00bbfull_width\u00bb text_align=\u00bbleft\u00bb css_animation=\u00bb\u00bb][vc_column_inner el_class=\u00bbblancg\u00bb width=\u00bb1\/2&#8243;][vc_empty_space height=\u00bb70px\u00bb][vc_column_text]<\/p>\n<h2>La Calidad <\/h2>\n<p>Gracias al control global del sector, desde la selecci\u00f3n de los animales hasta el env\u00edo de los productos acabados, aseguramos la rastreabilidad y la Indicaci\u00f3n Geogr\u00e1fica Protegida Suroeste que certifica el origen de todos nuestros productos. Este origen le garantiza un producto local fabricado en el suroeste de Francia.<\/p>\n<p>Entre tradici\u00f3n e innovaci\u00f3n, la Quercynoise presenta una amplia gama de productos en crudo, congelados, mi-cuits y en conserva. <\/p>\n<p>La Quercynoise es la primera empresa agroalimentaria que ha obtenido las cuatro certificaciones en un mismo establecimiento en junio de 2008: IFS, ISO 14001, ISO 9001, OHSAS 18001.[\/vc_column_text][\/vc_column_inner][vc_column_inner width=\u00bb1\/6&#8243;][vc_empty_space height=\u00bb140px\u00bb][vc_single_image image=\u00bb299&#8243; img_size=\u00bblarge\u00bb qode_css_animation=\u00bb\u00bb][vc_empty_space height=\u00bb20px\u00bb][vc_single_image image=\u00bb3819&#8243; img_size=\u00bblarge\u00bb qode_css_animation=\u00bb\u00bb][\/vc_column_inner][vc_column_inner width=\u00bb1\/6&#8243;][vc_empty_space height=\u00bb140px\u00bb][vc_single_image image=\u00bb3816&#8243; img_size=\u00bblarge\u00bb qode_css_animation=\u00bb\u00bb][vc_empty_space height=\u00bb20px\u00bb][vc_single_image image=\u00bb3817&#8243; img_size=\u00bblarge\u00bb qode_css_animation=\u00bb\u00bb][\/vc_column_inner][vc_column_inner width=\u00bb1\/6&#8243;][vc_empty_space height=\u00bb140px\u00bb][vc_single_image image=\u00bb3818&#8243; img_size=\u00bblarge\u00bb qode_css_animation=\u00bb\u00bb][\/vc_column_inner][\/vc_row_inner][vc_empty_space height=\u00bb40px\u00bb][\/vc_column][\/vc_row][vc_row css_animation=\u00bb\u00bb row_type=\u00bbrow\u00bb use_row_as_full_screen_section=\u00bbno\u00bb type=\u00bbgrid\u00bb angled_section=\u00bbno\u00bb text_align=\u00bbleft\u00bb background_image_as_pattern=\u00bbwithout_pattern\u00bb css=\u00bb.vc_custom_1553073102161{border-top-width: 1px !important;background-position: 0 0 !important;background-repeat: no-repeat !important;}\u00bb z_index=\u00bb\u00bb el_id=\u00bbsavoir\u00bb el_class=\u00bbtab\u00bb][vc_column][vc_row_inner row_type=\u00bbrow\u00bb type=\u00bbfull_width\u00bb text_align=\u00bbleft\u00bb css_animation=\u00bb\u00bb][vc_column_inner el_class=\u00bbblancg\u00bb width=\u00bb2\/3&#8243;][vc_empty_space height=\u00bb70px\u00bb][vc_column_text]<\/p>\n<h2>Nuestra Experiencia<\/h2>\n<p><em>Concours G\u00e9n\u00e9ral Agricole <\/em><\/p>\n<p>Reconocimiento de nuestra experiencia. Nuestros productos han sido premiados cada a\u00f1o en el Concurso General Agr\u00edcola de Paris en el Sal\u00f3n de la Agricultura, con m\u00e1s de 45 medallas.<\/p>\n<p><\/p>\n<p><strong>Certificaciones <\/strong><\/p>\n<p>Contamos con cuatro certificaciones obtenidas en el mismo sitio (Gramat, Lot) IFS, ISO 14001, ISO 9001, OHSAS 18001. (Mettre les logos)<\/p>\n<p><\/p>\n<p><strong>Desarrollo sostenible <\/strong><\/p>\n<p>La Quercynoise es una empresa comprometida con el desarrollo sostenible y con una triple dimensi\u00f3n de su experiencia a largo plazo: Dimensi\u00f3n ecol\u00f3gica y medioambiental, dimensi\u00f3n econ\u00f3mica y dimensi\u00f3n social y societal.<\/p>\n<p><\/p>\n<p><strong>Dimensi\u00f3n ecol\u00f3gica y medioambiental<\/strong><\/p>\n<ul>\n<li>Integraci\u00f3n del centro de producci\u00f3n en el coraz\u00f3n del Parque Regional de Causses du Quercy<\/li>\n<li>Implantaci\u00f3n de un sistema de tratamiento de aguas residuales de alto rendimiento: ultrafiltraci\u00f3n por membrana.<\/li>\n<li>Gesti\u00f3n de la energ\u00eda: uso de energ\u00edas m\u00e1s limpias (gas natural), optimizaci\u00f3n del consumo de agua.<\/li>\n<li>Aligeramiento y clasificaci\u00f3n de residuos, reciclaje.<\/li>\n<\/ul>\n<p><\/p>\n<p><strong>Dimensi\u00f3n econ\u00f3mica<\/strong><\/p>\n<ul>\n<li>B\u00fasqueda de la mejor valoraci\u00f3n posible: mejora de los rendimientos materiales.<\/li>\n<\/ul>\n<p><\/p>\n<p><strong>Dimensi\u00f3n social et societal. <\/strong><\/p>\n<ul>\n<li>Cuenca de producci\u00f3n local (Lot, Aveyron, Dordo\u00f1a, Corr\u00e8ze)<\/li>\n<li>255 empleos directos en el suroeste.<\/li>\n<li>Revitalizaci\u00f3n de la pol\u00edtica regional de suministro y desarrollo del entorno econ\u00f3mico local reducci\u00f3n de los costes de transporte y del impacto del carbono.<\/li>\n<li>Herramienta certificada ISO 18001 (que garantiza la salud y la seguridad de los empleados en el trabajo)<\/li>\n<\/ul>\n<p>[\/vc_column_text][\/vc_column_inner][vc_column_inner width=\u00bb1\/3&#8243;][vc_empty_space height=\u00bb140px\u00bb][vc_single_image image=\u00bb3814&#8243; img_size=\u00bblarge\u00bb qode_css_animation=\u00bb\u00bb][vc_empty_space height=\u00bb20px\u00bb][\/vc_column_inner][\/vc_row_inner][vc_empty_space height=\u00bb40px\u00bb][\/vc_column][\/vc_row]<\/p>\n<\/div>","protected":false},"excerpt":{"rendered":"<p>[vc_row css_animation=\u00bb\u00bb row_type=\u00bbrow\u00bb use_row_as_full_screen_section=\u00bbyes\u00bb type=\u00bbgrid\u00bb angled_section=\u00bbno\u00bb text_align=\u00bbleft\u00bb background_image_as_pattern=\u00bbwithout_pattern\u00bb css=\u00bb.vc_custom_1551990812546{background-image: url(https:\/\/www.clossaintsozy.com\/wp-content\/uploads\/2019\/03\/quercynoise.jpg?id=238) !important;background-position: center !important;background-repeat: no-repeat !important;background-size: cover !important;}\u00bb z_index=\u00bb\u00bb el_class=\u00bbtoptitre\u00bb][vc_column][vc_empty_space height=\u00bb30px\u00bb][vc_row_inner row_type=\u00bbrow\u00bb type=\u00bbfull_width\u00bb text_align=\u00bbleft\u00bb css_animation=\u00bb\u00bb][vc_column_inner width=\u00bb2\/3&#8243;][vc_empty_space height=\u00bb40px\u00bb][vc_column_text] Clos Saint Sozy, la Agrupaci\u00f3n [\/vc_column_text][vc_empty_space height=\u00bb20px\u00bb][vc_empty_space height=\u00bb60px\u00bb][\/vc_column_inner][vc_column_inner width=\u00bb1\/3&#8243;][\/vc_column_inner][\/vc_row_inner][\/vc_column][\/vc_row][vc_row css_animation=\u00bb\u00bb row_type=\u00bbrow\u00bb use_row_as_full_screen_section=\u00bbno\u00bb type=\u00bbgrid\u00bb angled_section=\u00bbno\u00bb text_align=\u00bbleft\u00bb background_image_as_pattern=\u00bbwithout_pattern\u00bb z_index=\u00bb\u00bb][vc_column][vc_row_inner row_type=\u00bbrow\u00bb type=\u00bbfull_width\u00bb&#8230;<\/p>\n","protected":false},"author":1,"featured_media":0,"parent":0,"menu_order":0,"comment_status":"closed","ping_status":"closed","template":"full_width.php","meta":{"_acf_changed":false,"footnotes":""},"class_list":["post-4018","page","type-page","status-publish","hentry"],"acf":[],"yoast_head":"<!-- This site is optimized with the Yoast SEO plugin v26.8 - https:\/\/yoast.com\/product\/yoast-seo-wordpress\/ -->\n<title>La Agrupaci\u00f3n - Clos Saint Sozy<\/title>\n<meta name=\"robots\" content=\"index, follow, max-snippet:-1, max-image-preview:large, max-video-preview:-1\" \/>\n<link rel=\"canonical\" href=\"https:\/\/www.clossaintsozy.com\/es\/la-agrupacion\/\" \/>\n<meta property=\"og:locale\" content=\"es_ES\" \/>\n<meta property=\"og:type\" content=\"article\" \/>\n<meta property=\"og:title\" content=\"La Agrupaci\u00f3n - Clos Saint Sozy\" \/>\n<meta property=\"og:description\" content=\"[vc_row css_animation=\u00bb\u00bb row_type=\u00bbrow\u00bb use_row_as_full_screen_section=\u00bbyes\u00bb type=\u00bbgrid\u00bb angled_section=\u00bbno\u00bb text_align=\u00bbleft\u00bb background_image_as_pattern=\u00bbwithout_pattern\u00bb css=\u00bb.vc_custom_1551990812546{background-image: url(https:\/\/www.clossaintsozy.com\/wp-content\/uploads\/2019\/03\/quercynoise.jpg?id=238) !important;background-position: center !important;background-repeat: no-repeat !important;background-size: cover !important;}\u00bb z_index=\u00bb\u00bb el_class=\u00bbtoptitre\u00bb][vc_column][vc_empty_space height=\u00bb30px\u00bb][vc_row_inner row_type=\u00bbrow\u00bb type=\u00bbfull_width\u00bb text_align=\u00bbleft\u00bb css_animation=\u00bb\u00bb][vc_column_inner width=\u00bb2\/3&#8243;][vc_empty_space height=\u00bb40px\u00bb][vc_column_text] Clos Saint Sozy, la Agrupaci\u00f3n [\/vc_column_text][vc_empty_space height=\u00bb20px\u00bb][vc_empty_space height=\u00bb60px\u00bb][\/vc_column_inner][vc_column_inner width=\u00bb1\/3&#8243;][\/vc_column_inner][\/vc_row_inner][\/vc_column][\/vc_row][vc_row css_animation=\u00bb\u00bb row_type=\u00bbrow\u00bb use_row_as_full_screen_section=\u00bbno\u00bb type=\u00bbgrid\u00bb angled_section=\u00bbno\u00bb text_align=\u00bbleft\u00bb background_image_as_pattern=\u00bbwithout_pattern\u00bb z_index=\u00bb\u00bb][vc_column][vc_row_inner row_type=\u00bbrow\u00bb type=\u00bbfull_width\u00bb...\" \/>\n<meta property=\"og:url\" content=\"https:\/\/www.clossaintsozy.com\/es\/la-agrupacion\/\" \/>\n<meta property=\"og:site_name\" content=\"Clos Saint Sozy\" \/>\n<meta property=\"article:modified_time\" content=\"2019-08-21T08:52:35+00:00\" \/>\n<meta name=\"twitter:card\" content=\"summary_large_image\" \/>\n<meta name=\"twitter:label1\" content=\"Tiempo de lectura\" \/>\n\t<meta name=\"twitter:data1\" content=\"6 minutos\" \/>\n<script type=\"application\/ld+json\" class=\"yoast-schema-graph\">{\"@context\":\"https:\/\/schema.org\",\"@graph\":[{\"@type\":\"WebPage\",\"@id\":\"https:\/\/www.clossaintsozy.com\/es\/la-agrupacion\/\",\"url\":\"https:\/\/www.clossaintsozy.com\/es\/la-agrupacion\/\",\"name\":\"La Agrupaci\u00f3n - Clos Saint Sozy\",\"isPartOf\":{\"@id\":\"https:\/\/www.clossaintsozy.com\/es\/#website\"},\"datePublished\":\"2019-08-21T08:52:18+00:00\",\"dateModified\":\"2019-08-21T08:52:35+00:00\",\"breadcrumb\":{\"@id\":\"https:\/\/www.clossaintsozy.com\/es\/la-agrupacion\/#breadcrumb\"},\"inLanguage\":\"es\",\"potentialAction\":[{\"@type\":\"ReadAction\",\"target\":[\"https:\/\/www.clossaintsozy.com\/es\/la-agrupacion\/\"]}]},{\"@type\":\"BreadcrumbList\",\"@id\":\"https:\/\/www.clossaintsozy.com\/es\/la-agrupacion\/#breadcrumb\",\"itemListElement\":[{\"@type\":\"ListItem\",\"position\":1,\"name\":\"Accueil\",\"item\":\"https:\/\/www.clossaintsozy.com\/es\/\"},{\"@type\":\"ListItem\",\"position\":2,\"name\":\"La Agrupaci\u00f3n\"}]},{\"@type\":\"WebSite\",\"@id\":\"https:\/\/www.clossaintsozy.com\/es\/#website\",\"url\":\"https:\/\/www.clossaintsozy.com\/es\/\",\"name\":\"Clos Saint Sozy\",\"description\":\"\",\"potentialAction\":[{\"@type\":\"SearchAction\",\"target\":{\"@type\":\"EntryPoint\",\"urlTemplate\":\"https:\/\/www.clossaintsozy.com\/es\/?s={search_term_string}\"},\"query-input\":{\"@type\":\"PropertyValueSpecification\",\"valueRequired\":true,\"valueName\":\"search_term_string\"}}],\"inLanguage\":\"es\"}]}<\/script>\n<!-- \/ Yoast SEO plugin. -->","yoast_head_json":{"title":"La Agrupaci\u00f3n - Clos Saint Sozy","robots":{"index":"index","follow":"follow","max-snippet":"max-snippet:-1","max-image-preview":"max-image-preview:large","max-video-preview":"max-video-preview:-1"},"canonical":"https:\/\/www.clossaintsozy.com\/es\/la-agrupacion\/","og_locale":"es_ES","og_type":"article","og_title":"La Agrupaci\u00f3n - Clos Saint Sozy","og_description":"[vc_row css_animation=\u00bb\u00bb row_type=\u00bbrow\u00bb use_row_as_full_screen_section=\u00bbyes\u00bb type=\u00bbgrid\u00bb angled_section=\u00bbno\u00bb text_align=\u00bbleft\u00bb background_image_as_pattern=\u00bbwithout_pattern\u00bb css=\u00bb.vc_custom_1551990812546{background-image: url(https:\/\/www.clossaintsozy.com\/wp-content\/uploads\/2019\/03\/quercynoise.jpg?id=238) !important;background-position: center !important;background-repeat: no-repeat !important;background-size: cover !important;}\u00bb z_index=\u00bb\u00bb el_class=\u00bbtoptitre\u00bb][vc_column][vc_empty_space height=\u00bb30px\u00bb][vc_row_inner row_type=\u00bbrow\u00bb type=\u00bbfull_width\u00bb text_align=\u00bbleft\u00bb css_animation=\u00bb\u00bb][vc_column_inner width=\u00bb2\/3&#8243;][vc_empty_space height=\u00bb40px\u00bb][vc_column_text] Clos Saint Sozy, la Agrupaci\u00f3n [\/vc_column_text][vc_empty_space height=\u00bb20px\u00bb][vc_empty_space height=\u00bb60px\u00bb][\/vc_column_inner][vc_column_inner width=\u00bb1\/3&#8243;][\/vc_column_inner][\/vc_row_inner][\/vc_column][\/vc_row][vc_row css_animation=\u00bb\u00bb row_type=\u00bbrow\u00bb use_row_as_full_screen_section=\u00bbno\u00bb type=\u00bbgrid\u00bb angled_section=\u00bbno\u00bb text_align=\u00bbleft\u00bb background_image_as_pattern=\u00bbwithout_pattern\u00bb z_index=\u00bb\u00bb][vc_column][vc_row_inner row_type=\u00bbrow\u00bb type=\u00bbfull_width\u00bb...","og_url":"https:\/\/www.clossaintsozy.com\/es\/la-agrupacion\/","og_site_name":"Clos Saint Sozy","article_modified_time":"2019-08-21T08:52:35+00:00","twitter_card":"summary_large_image","twitter_misc":{"Tiempo de lectura":"6 minutos"},"schema":{"@context":"https:\/\/schema.org","@graph":[{"@type":"WebPage","@id":"https:\/\/www.clossaintsozy.com\/es\/la-agrupacion\/","url":"https:\/\/www.clossaintsozy.com\/es\/la-agrupacion\/","name":"La Agrupaci\u00f3n - Clos Saint Sozy","isPartOf":{"@id":"https:\/\/www.clossaintsozy.com\/es\/#website"},"datePublished":"2019-08-21T08:52:18+00:00","dateModified":"2019-08-21T08:52:35+00:00","breadcrumb":{"@id":"https:\/\/www.clossaintsozy.com\/es\/la-agrupacion\/#breadcrumb"},"inLanguage":"es","potentialAction":[{"@type":"ReadAction","target":["https:\/\/www.clossaintsozy.com\/es\/la-agrupacion\/"]}]},{"@type":"BreadcrumbList","@id":"https:\/\/www.clossaintsozy.com\/es\/la-agrupacion\/#breadcrumb","itemListElement":[{"@type":"ListItem","position":1,"name":"Accueil","item":"https:\/\/www.clossaintsozy.com\/es\/"},{"@type":"ListItem","position":2,"name":"La Agrupaci\u00f3n"}]},{"@type":"WebSite","@id":"https:\/\/www.clossaintsozy.com\/es\/#website","url":"https:\/\/www.clossaintsozy.com\/es\/","name":"Clos Saint Sozy","description":"","potentialAction":[{"@type":"SearchAction","target":{"@type":"EntryPoint","urlTemplate":"https:\/\/www.clossaintsozy.com\/es\/?s={search_term_string}"},"query-input":{"@type":"PropertyValueSpecification","valueRequired":true,"valueName":"search_term_string"}}],"inLanguage":"es"}]}},"_links":{"self":[{"href":"https:\/\/www.clossaintsozy.com\/es\/wp-json\/wp\/v2\/pages\/4018","targetHints":{"allow":["GET"]}}],"collection":[{"href":"https:\/\/www.clossaintsozy.com\/es\/wp-json\/wp\/v2\/pages"}],"about":[{"href":"https:\/\/www.clossaintsozy.com\/es\/wp-json\/wp\/v2\/types\/page"}],"author":[{"embeddable":true,"href":"https:\/\/www.clossaintsozy.com\/es\/wp-json\/wp\/v2\/users\/1"}],"replies":[{"embeddable":true,"href":"https:\/\/www.clossaintsozy.com\/es\/wp-json\/wp\/v2\/comments?post=4018"}],"version-history":[{"count":5,"href":"https:\/\/www.clossaintsozy.com\/es\/wp-json\/wp\/v2\/pages\/4018\/revisions"}],"predecessor-version":[{"id":4023,"href":"https:\/\/www.clossaintsozy.com\/es\/wp-json\/wp\/v2\/pages\/4018\/revisions\/4023"}],"wp:attachment":[{"href":"https:\/\/www.clossaintsozy.com\/es\/wp-json\/wp\/v2\/media?parent=4018"}],"curies":[{"name":"wp","href":"https:\/\/api.w.org\/{rel}","templated":true}]}}