{"id":4104,"date":"2019-08-21T18:53:42","date_gmt":"2019-08-21T16:53:42","guid":{"rendered":"https:\/\/www.clossaintsozy.com\/accueil-sp\/"},"modified":"2019-08-21T18:58:21","modified_gmt":"2019-08-21T16:58:21","slug":"accueil-sp","status":"publish","type":"page","link":"https:\/\/www.clossaintsozy.com\/es\/","title":{"rendered":"Accueil SP"},"content":{"rendered":"<div class=\"wpb-content-wrapper\"><p>[vc_row row_type=\u00bbparallax\u00bb parallax_content_width=\u00bbin_grid\u00bb text_align=\u00bbleft\u00bb background_image=\u00bb39&#8243; full_screen_section_height=\u00bbno\u00bb section_height=\u00bb500&#8243;][vc_column css_animation=\u00bbfadeIn\u00bb][vc_empty_space height=\u00bb130px\u00bb][vc_column_text]<span style=\"color: #f4dfb4; font-size: 40px; line-height: 52px;\">Productores muy apegados a su regi\u00f3n, el suroeste franc\u00e9s.<\/span><\/p>\n<p><span style=\"color: #ffffff; font-size: 25px; font-family: dearJoe6;\">M\u00e1s de 40 a\u00f1os de experiencia.<\/span>[\/vc_column_text][vc_empty_space height=\u00bb100px\u00bb][\/vc_column][\/vc_row][vc_row css_animation=\u00bb\u00bb row_type=\u00bbrow\u00bb use_row_as_full_screen_section=\u00bbno\u00bb type=\u00bbfull_width\u00bb angled_section=\u00bbno\u00bb text_align=\u00bbleft\u00bb background_image_as_pattern=\u00bbwithout_pattern\u00bb z_index=\u00bb\u00bb css=\u00bb.vc_custom_1547642768864{background-color: #ffffff !important;}\u00bb][vc_column width=\u00bb1\/4&#8243; css=\u00bb.vc_custom_1547633498758{padding-top: 0px !important;padding-right: 0px !important;padding-bottom: 0px !important;padding-left: 0px !important;}\u00bb][vc_single_image image=\u00bb23&#8243; img_size=\u00bblarge\u00bb qode_css_animation=\u00bb\u00bb][\/vc_column][vc_column width=\u00bb1\/4&#8243; css=\u00bb.vc_custom_1547633507107{padding-top: 0px !important;padding-right: 0px !important;padding-bottom: 0px !important;padding-left: 0px !important;}\u00bb][vc_single_image image=\u00bb24&#8243; img_size=\u00bblarge\u00bb qode_css_animation=\u00bb\u00bb][\/vc_column][vc_column width=\u00bb1\/2&#8243; css=\u00bb.vc_custom_1547644465136{background: #ffffff url(https:\/\/www.clossaintsozy.com\/wp-content\/uploads\/2019\/01\/header-CSS.png?id=35) !important;background-position: 0 0 !important;background-repeat: no-repeat !important;}\u00bb][vc_empty_space height=\u00bb50px\u00bb][vc_column_text css=\u00bb.vc_custom_1566224100363{padding-right: 50px !important;padding-left: 50px !important;}\u00bb]<\/p>\n<h1 style=\"text-align: center;\">CLOS SAINT SOZY<\/h1>\n<h2 style=\"text-align: center;\">DESDE 1975&#8230;<\/h2>\n<div>\n<p style=\"text-align: center;\">Gracias al control global del sector, desde la selecci\u00f3n de los animales hasta el env\u00edo de los productos acabados, aseguramos la rastreabilidad y la Indicaci\u00f3n Geogr\u00e1fica Protegida Suroeste que certifica el origen de todos nuestros productos. Este origen le garantiza un producto local fabricado en el suroeste de Francia.<\/p>\n<\/div>\n<p>[\/vc_column_text][vc_empty_space height=\u00bb30px\u00bb][vc_row_inner row_type=\u00bbrow\u00bb type=\u00bbfull_width\u00bb text_align=\u00bbleft\u00bb css_animation=\u00bb\u00bb][vc_column_inner][vc_btn title=\u00bbNUESTRA HISTORIA Y EXPERIENCIA\u00bb shape=\u00bbsquare\u00bb align=\u00bbcenter\u00bb link=\u00bburl:https%3A%2F%2Fwww.clossaintsozy.com%2Fla-agrupacion%2F%3Flang%3Des|\u00bb][\/vc_column_inner][\/vc_row_inner][vc_empty_space height=\u00bb30px\u00bb][\/vc_column][\/vc_row][vc_row css_animation=\u00bb\u00bb row_type=\u00bbrow\u00bb use_row_as_full_screen_section=\u00bbno\u00bb type=\u00bbfull_width\u00bb angled_section=\u00bbno\u00bb text_align=\u00bbleft\u00bb background_image_as_pattern=\u00bbwithout_pattern\u00bb css=\u00bb.vc_custom_1547652718687{border-top-width: 1px !important;background: #ffffff url(https:\/\/www.clossaintsozy.com\/wp-content\/uploads\/2019\/01\/header-CSS.png?id=35) !important;background-position: 0 0 !important;background-repeat: no-repeat !important;border-top-color: #f4dfb4 !important;border-top-style: solid !important;border-radius: 1px !important;}\u00bb z_index=\u00bb\u00bb][vc_column][vc_empty_space height=\u00bb80px\u00bb][vc_column_text]<\/p>\n<h2 style=\"text-align: center; font-family: dearJoe6; text-transform: none;\">Nuestro foie gras procede de palm\u00edpedos criados y transformados en el suroeste de Francia<\/h2>\n<p style=\"text-align: center;\"> Provienen de nuestro grupo de productores, son seleccionados y elaborados en nuestros talleres.<\/p>\n<p>[\/vc_column_text][vc_empty_space height=\u00bb60px\u00bb][\/vc_column][\/vc_row][vc_row css_animation=\u00bb\u00bb row_type=\u00bbrow\u00bb use_row_as_full_screen_section=\u00bbno\u00bb type=\u00bbfull_width\u00bb angled_section=\u00bbno\u00bb text_align=\u00bbleft\u00bb background_image_as_pattern=\u00bbwithout_pattern\u00bb el_class=\u00bb44&#8243; z_index=\u00bb\u00bb el_id=\u00bb44&#8243; css=\u00bb.vc_custom_1547662359078{background-color: #f6f6f6 !important;}\u00bb][vc_column width=\u00bb1\/4&#8243; css=\u00bb.vc_custom_1547649818378{padding-top: 0px !important;padding-right: 0px !important;padding-bottom: 0px !important;padding-left: 0px !important;}\u00bb][vc_single_image image=\u00bb92&#8243; img_size=\u00bb600&#215;600&#8243; alignment=\u00bbcenter\u00bb onclick=\u00bbcustom_link\u00bb qode_css_animation=\u00bb\u00bb link=\u00bb\/foie-gras\/\u00bb][\/vc_column][vc_column width=\u00bb1\/4&#8243; css=\u00bb.vc_custom_1547649824632{padding-top: 0px !important;padding-right: 0px !important;padding-bottom: 0px !important;padding-left: 0px !important;}\u00bb][vc_empty_space height=\u00bb80px\u00bb][vc_column_text]<\/p>\n<h2 style=\"text-align: center;\">GAMA DE<br \/>\nFOIES GRAS<\/h2>\n<p style=\"text-align: center;\">Descubra nuestra gama que abarca desde el foie gras crudo <\/p>\n<p>[\/vc_column_text][vc_empty_space height=\u00bb20px\u00bb][vc_btn title=\u00bbNUESTROS FOIES GRAS\u00bb shape=\u00bbsquare\u00bb align=\u00bbcenter\u00bb link=\u00bburl:https%3A%2F%2Fwww.clossaintsozy.com%2Ffoie-gras%2F%3Flang%3Des|\u00bb][\/vc_column][vc_column width=\u00bb1\/4&#8243; css=\u00bb.vc_custom_1547649831041{padding-top: 0px !important;padding-right: 0px !important;padding-bottom: 0px !important;padding-left: 0px !important;}\u00bb][vc_single_image image=\u00bb3826&#8243; img_size=\u00bb600&#215;600&#8243; alignment=\u00bbcenter\u00bb onclick=\u00bbcustom_link\u00bb qode_css_animation=\u00bb\u00bb link=\u00bb\/blocs-de-foie-gras\/\u00bb][\/vc_column][vc_column width=\u00bb1\/4&#8243; css=\u00bb.vc_custom_1547649837377{padding-top: 0px !important;padding-right: 0px !important;padding-bottom: 0px !important;padding-left: 0px !important;}\u00bb][vc_empty_space height=\u00bb80px\u00bb][vc_column_text]<\/p>\n<h2 style=\"text-align: center;\">NUESTROS BLOQUES<br \/>\nDE FOIES GRAS<\/h2>\n<p style=\"text-align: center;\">Le presentamos nuestros bloques de foie gras de pato finamente condimentados y elaborados a partir del foie gras de nuestros productores.<\/p>\n<p>[\/vc_column_text][vc_empty_space height=\u00bb20px\u00bb][vc_btn title=\u00bbBLOQUES DE FOIES GRAS\u00bb shape=\u00bbsquare\u00bb align=\u00bbcenter\u00bb link=\u00bburl:https%3A%2F%2Fwww.clossaintsozy.com%2Fblocs-de-foie-gras%2F%3Flang%3Des|\u00bb][\/vc_column][\/vc_row][vc_row css_animation=\u00bb\u00bb row_type=\u00bbrow\u00bb use_row_as_full_screen_section=\u00bbno\u00bb type=\u00bbfull_width\u00bb angled_section=\u00bbyes\u00bb angled_section_position=\u00bbbottom\u00bb angled_section_direction=\u00bbfrom_left_to_right\u00bb text_align=\u00bbleft\u00bb background_image_as_pattern=\u00bbwithout_pattern\u00bb z_index=\u00bb\u00bb css=\u00bb.vc_custom_1547652142283{background-color: #ffffff !important;}\u00bb][vc_column width=\u00bb1\/4&#8243; css=\u00bb.vc_custom_1547649845071{padding-top: 0px !important;padding-right: 0px !important;padding-bottom: 0px !important;padding-left: 0px !important;}\u00bb][vc_empty_space height=\u00bb80px\u00bb][vc_column_text]<\/p>\n<h2 style=\"text-align: center;\">LA CARNE<br \/>\nDE PATO<\/h2>\n<p style=\"text-align: center;\">Descubra nuestra gama que abarca desde el foie gras crudo, pasando por los escalopes &#8230;\n<\/p>\n<p>[\/vc_column_text][vc_empty_space height=\u00bb20px\u00bb][vc_btn title=\u00bbDESCUBRIR\u00bb shape=\u00bbsquare\u00bb align=\u00bbcenter\u00bb link=\u00bburl:https%3A%2F%2Fwww.clossaintsozy.com%2Fla-carne-de-pato%2F%3Flang%3Des|\u00bb][\/vc_column][vc_column width=\u00bb1\/4&#8243; css=\u00bb.vc_custom_1547649851759{padding-top: 0px !important;padding-right: 0px !important;padding-bottom: 0px !important;padding-left: 0px !important;}\u00bb][vc_single_image image=\u00bb3825&#8243; img_size=\u00bb600&#215;600&#8243; alignment=\u00bbcenter\u00bb onclick=\u00bbcustom_link\u00bb qode_css_animation=\u00bb\u00bb link=\u00bb\/la-viande-de-canard\/\u00bb][\/vc_column][vc_column width=\u00bb1\/4&#8243; css=\u00bb.vc_custom_1547651276301{padding-top: 0px !important;padding-right: 0px !important;padding-bottom: 0px !important;padding-left: 0px !important;background-color: #ffffff !important;}\u00bb][vc_empty_space height=\u00bb80px\u00bb][vc_column_text]<\/p>\n<h2 style=\"text-align: center;\">Especialidades<br \/>\ndes Suroeste Franc\u00e9s<\/h2>\n<p style=\"text-align: center;\">Agr\u00e9menter vos instants gourmands<br \/>\navec des recettes savoureuses<br \/>\net originales \u00e0 d\u00e9couvrir.<\/p>\n<p>[\/vc_column_text][vc_empty_space height=\u00bb20px\u00bb][vc_btn title=\u00bbDESCUBRIR\u00bb shape=\u00bbsquare\u00bb align=\u00bbcenter\u00bb link=\u00bburl:https%3A%2F%2Fwww.clossaintsozy.com%2Fespecialidades-des-suroeste-frances%2F%3Flang%3Des|title:https%3A%2F%2Fwww.clossaintsozy.com%2Fespecialidades-des-suroeste-frances%2F%3Flang%3Des|\u00bb][\/vc_column][vc_column width=\u00bb1\/4&#8243; css=\u00bb.vc_custom_1547649864277{padding-top: 0px !important;padding-right: 0px !important;padding-bottom: 0px !important;padding-left: 0px !important;}\u00bb][vc_single_image image=\u00bb3824&#8243; img_size=\u00bb600&#215;600&#8243; alignment=\u00bbcenter\u00bb onclick=\u00bbcustom_link\u00bb qode_css_animation=\u00bb\u00bb link=\u00bb\/specialites-du-sud-ouest\/\u00bb][\/vc_column][\/vc_row]<\/p>\n<\/div>","protected":false},"excerpt":{"rendered":"<p>[vc_row row_type=\u00bbparallax\u00bb parallax_content_width=\u00bbin_grid\u00bb text_align=\u00bbleft\u00bb background_image=\u00bb39&#8243; full_screen_section_height=\u00bbno\u00bb section_height=\u00bb500&#8243;][vc_column css_animation=\u00bbfadeIn\u00bb][vc_empty_space height=\u00bb130px\u00bb][vc_column_text]Productores muy apegados a su regi\u00f3n, el suroeste franc\u00e9s. M\u00e1s de 40 a\u00f1os de experiencia.[\/vc_column_text][vc_empty_space height=\u00bb100px\u00bb][\/vc_column][\/vc_row][vc_row css_animation=\u00bb\u00bb row_type=\u00bbrow\u00bb use_row_as_full_screen_section=\u00bbno\u00bb type=\u00bbfull_width\u00bb angled_section=\u00bbno\u00bb text_align=\u00bbleft\u00bb background_image_as_pattern=\u00bbwithout_pattern\u00bb z_index=\u00bb\u00bb css=\u00bb.vc_custom_1547642768864{background-color: #ffffff !important;}\u00bb][vc_column width=\u00bb1\/4&#8243; css=\u00bb.vc_custom_1547633498758{padding-top: 0px !important;padding-right: 0px !important;padding-bottom: 0px !important;padding-left: 0px !important;}\u00bb][vc_single_image&#8230;<\/p>\n","protected":false},"author":1,"featured_media":0,"parent":0,"menu_order":0,"comment_status":"closed","ping_status":"closed","template":"full_width.php","meta":{"_acf_changed":false,"footnotes":""},"class_list":["post-4104","page","type-page","status-publish","hentry"],"acf":[],"yoast_head":"<!-- This site is optimized with the Yoast SEO plugin v26.8 - https:\/\/yoast.com\/product\/yoast-seo-wordpress\/ -->\n<title>Accueil SP - Clos Saint Sozy<\/title>\n<meta name=\"robots\" content=\"index, follow, max-snippet:-1, max-image-preview:large, max-video-preview:-1\" \/>\n<link rel=\"canonical\" href=\"https:\/\/www.clossaintsozy.com\/es\/\" \/>\n<meta property=\"og:locale\" content=\"es_ES\" \/>\n<meta property=\"og:type\" content=\"article\" \/>\n<meta property=\"og:title\" content=\"Accueil SP - Clos Saint Sozy\" \/>\n<meta property=\"og:description\" content=\"[vc_row row_type=\u00bbparallax\u00bb parallax_content_width=\u00bbin_grid\u00bb text_align=\u00bbleft\u00bb background_image=\u00bb39&#8243; full_screen_section_height=\u00bbno\u00bb section_height=\u00bb500&#8243;][vc_column css_animation=\u00bbfadeIn\u00bb][vc_empty_space height=\u00bb130px\u00bb][vc_column_text]Productores muy apegados a su regi\u00f3n, el suroeste franc\u00e9s. M\u00e1s de 40 a\u00f1os de experiencia.[\/vc_column_text][vc_empty_space height=\u00bb100px\u00bb][\/vc_column][\/vc_row][vc_row css_animation=\u00bb\u00bb row_type=\u00bbrow\u00bb use_row_as_full_screen_section=\u00bbno\u00bb type=\u00bbfull_width\u00bb angled_section=\u00bbno\u00bb text_align=\u00bbleft\u00bb background_image_as_pattern=\u00bbwithout_pattern\u00bb z_index=\u00bb\u00bb css=\u00bb.vc_custom_1547642768864{background-color: #ffffff !important;}\u00bb][vc_column width=\u00bb1\/4&#8243; css=\u00bb.vc_custom_1547633498758{padding-top: 0px !important;padding-right: 0px !important;padding-bottom: 0px !important;padding-left: 0px !important;}\u00bb][vc_single_image...\" \/>\n<meta property=\"og:url\" content=\"https:\/\/www.clossaintsozy.com\/es\/\" \/>\n<meta property=\"og:site_name\" content=\"Clos Saint Sozy\" \/>\n<meta property=\"article:modified_time\" content=\"2019-08-21T16:58:21+00:00\" \/>\n<meta name=\"twitter:card\" content=\"summary_large_image\" \/>\n<meta name=\"twitter:label1\" content=\"Tiempo de lectura\" \/>\n\t<meta name=\"twitter:data1\" content=\"5 minutos\" \/>\n<script type=\"application\/ld+json\" class=\"yoast-schema-graph\">{\"@context\":\"https:\/\/schema.org\",\"@graph\":[{\"@type\":\"WebPage\",\"@id\":\"https:\/\/www.clossaintsozy.com\/es\/\",\"url\":\"https:\/\/www.clossaintsozy.com\/es\/\",\"name\":\"Accueil SP - Clos Saint Sozy\",\"isPartOf\":{\"@id\":\"https:\/\/www.clossaintsozy.com\/es\/#website\"},\"datePublished\":\"2019-08-21T16:53:42+00:00\",\"dateModified\":\"2019-08-21T16:58:21+00:00\",\"breadcrumb\":{\"@id\":\"https:\/\/www.clossaintsozy.com\/es\/#breadcrumb\"},\"inLanguage\":\"es\",\"potentialAction\":[{\"@type\":\"ReadAction\",\"target\":[\"https:\/\/www.clossaintsozy.com\/es\/\"]}]},{\"@type\":\"BreadcrumbList\",\"@id\":\"https:\/\/www.clossaintsozy.com\/es\/#breadcrumb\",\"itemListElement\":[{\"@type\":\"ListItem\",\"position\":1,\"name\":\"Accueil\",\"item\":\"https:\/\/www.clossaintsozy.com\/es\/\"},{\"@type\":\"ListItem\",\"position\":2,\"name\":\"Accueil SP\"}]},{\"@type\":\"WebSite\",\"@id\":\"https:\/\/www.clossaintsozy.com\/es\/#website\",\"url\":\"https:\/\/www.clossaintsozy.com\/es\/\",\"name\":\"Clos Saint Sozy\",\"description\":\"\",\"potentialAction\":[{\"@type\":\"SearchAction\",\"target\":{\"@type\":\"EntryPoint\",\"urlTemplate\":\"https:\/\/www.clossaintsozy.com\/es\/?s={search_term_string}\"},\"query-input\":{\"@type\":\"PropertyValueSpecification\",\"valueRequired\":true,\"valueName\":\"search_term_string\"}}],\"inLanguage\":\"es\"}]}<\/script>\n<!-- \/ Yoast SEO plugin. -->","yoast_head_json":{"title":"Accueil SP - Clos Saint Sozy","robots":{"index":"index","follow":"follow","max-snippet":"max-snippet:-1","max-image-preview":"max-image-preview:large","max-video-preview":"max-video-preview:-1"},"canonical":"https:\/\/www.clossaintsozy.com\/es\/","og_locale":"es_ES","og_type":"article","og_title":"Accueil SP - Clos Saint Sozy","og_description":"[vc_row row_type=\u00bbparallax\u00bb parallax_content_width=\u00bbin_grid\u00bb text_align=\u00bbleft\u00bb background_image=\u00bb39&#8243; full_screen_section_height=\u00bbno\u00bb section_height=\u00bb500&#8243;][vc_column css_animation=\u00bbfadeIn\u00bb][vc_empty_space height=\u00bb130px\u00bb][vc_column_text]Productores muy apegados a su regi\u00f3n, el suroeste franc\u00e9s. M\u00e1s de 40 a\u00f1os de experiencia.[\/vc_column_text][vc_empty_space height=\u00bb100px\u00bb][\/vc_column][\/vc_row][vc_row css_animation=\u00bb\u00bb row_type=\u00bbrow\u00bb use_row_as_full_screen_section=\u00bbno\u00bb type=\u00bbfull_width\u00bb angled_section=\u00bbno\u00bb text_align=\u00bbleft\u00bb background_image_as_pattern=\u00bbwithout_pattern\u00bb z_index=\u00bb\u00bb css=\u00bb.vc_custom_1547642768864{background-color: #ffffff !important;}\u00bb][vc_column width=\u00bb1\/4&#8243; css=\u00bb.vc_custom_1547633498758{padding-top: 0px !important;padding-right: 0px !important;padding-bottom: 0px !important;padding-left: 0px !important;}\u00bb][vc_single_image...","og_url":"https:\/\/www.clossaintsozy.com\/es\/","og_site_name":"Clos Saint Sozy","article_modified_time":"2019-08-21T16:58:21+00:00","twitter_card":"summary_large_image","twitter_misc":{"Tiempo de lectura":"5 minutos"},"schema":{"@context":"https:\/\/schema.org","@graph":[{"@type":"WebPage","@id":"https:\/\/www.clossaintsozy.com\/es\/","url":"https:\/\/www.clossaintsozy.com\/es\/","name":"Accueil SP - Clos Saint Sozy","isPartOf":{"@id":"https:\/\/www.clossaintsozy.com\/es\/#website"},"datePublished":"2019-08-21T16:53:42+00:00","dateModified":"2019-08-21T16:58:21+00:00","breadcrumb":{"@id":"https:\/\/www.clossaintsozy.com\/es\/#breadcrumb"},"inLanguage":"es","potentialAction":[{"@type":"ReadAction","target":["https:\/\/www.clossaintsozy.com\/es\/"]}]},{"@type":"BreadcrumbList","@id":"https:\/\/www.clossaintsozy.com\/es\/#breadcrumb","itemListElement":[{"@type":"ListItem","position":1,"name":"Accueil","item":"https:\/\/www.clossaintsozy.com\/es\/"},{"@type":"ListItem","position":2,"name":"Accueil SP"}]},{"@type":"WebSite","@id":"https:\/\/www.clossaintsozy.com\/es\/#website","url":"https:\/\/www.clossaintsozy.com\/es\/","name":"Clos Saint Sozy","description":"","potentialAction":[{"@type":"SearchAction","target":{"@type":"EntryPoint","urlTemplate":"https:\/\/www.clossaintsozy.com\/es\/?s={search_term_string}"},"query-input":{"@type":"PropertyValueSpecification","valueRequired":true,"valueName":"search_term_string"}}],"inLanguage":"es"}]}},"_links":{"self":[{"href":"https:\/\/www.clossaintsozy.com\/es\/wp-json\/wp\/v2\/pages\/4104","targetHints":{"allow":["GET"]}}],"collection":[{"href":"https:\/\/www.clossaintsozy.com\/es\/wp-json\/wp\/v2\/pages"}],"about":[{"href":"https:\/\/www.clossaintsozy.com\/es\/wp-json\/wp\/v2\/types\/page"}],"author":[{"embeddable":true,"href":"https:\/\/www.clossaintsozy.com\/es\/wp-json\/wp\/v2\/users\/1"}],"replies":[{"embeddable":true,"href":"https:\/\/www.clossaintsozy.com\/es\/wp-json\/wp\/v2\/comments?post=4104"}],"version-history":[{"count":3,"href":"https:\/\/www.clossaintsozy.com\/es\/wp-json\/wp\/v2\/pages\/4104\/revisions"}],"predecessor-version":[{"id":4107,"href":"https:\/\/www.clossaintsozy.com\/es\/wp-json\/wp\/v2\/pages\/4104\/revisions\/4107"}],"wp:attachment":[{"href":"https:\/\/www.clossaintsozy.com\/es\/wp-json\/wp\/v2\/media?parent=4104"}],"curies":[{"name":"wp","href":"https:\/\/api.w.org\/{rel}","templated":true}]}}